{"id":409,"date":"2025-07-02T14:20:36","date_gmt":"2025-07-02T14:20:36","guid":{"rendered":"https:\/\/gestaoeconfianca.pt\/?page_id=409"},"modified":"2025-07-02T14:20:52","modified_gmt":"2025-07-02T14:20:52","slug":"termos-e-condicoes-de-utilizacao","status":"publish","type":"page","link":"https:\/\/condo.gestaoeconfianca.pt\/?page_id=409","title":{"rendered":"Termos e Condi\u00e7\u00f5es de Utiliza\u00e7\u00e3o"},"content":{"rendered":"\n<h3 class=\"wp-block-heading\">Termos e Condi\u00e7\u00f5es de Utiliza\u00e7\u00e3o<\/h3>\n\n\n\n<p><strong>Gest\u00e3o e Confian\u00e7a \u2013 Administra\u00e7\u00e3o e Gest\u00e3o de Condom\u00ednios<\/strong><br><strong>\u00daltima atualiza\u00e7\u00e3o:<\/strong> 02\/07\/2025<\/p>\n\n\n\n<h5 class=\"wp-block-heading\">1. Informa\u00e7\u00f5es Gerais<\/h5>\n\n\n\n<p class=\"has-heading-color has-text-color has-link-color wp-elements-c9a953649d49e8ff05caa17dd57a5326\">O presente documento estabelece os Termos e Condi\u00e7\u00f5es de Utiliza\u00e7\u00e3o do website <strong><a class=\"\" href=\"http:\/\/www.gestaoeconfianca.pt\">www.gestaoeconfianca.pt<\/a><\/strong>, propriedade de:<\/p>\n\n\n\n<p class=\"has-heading-color has-text-color has-link-color wp-elements-56d674e81c3587316d7eae8531e62c57\"><strong>Gest\u00e3o e Confian\u00e7a \u2013 Administra\u00e7\u00e3o e Gest\u00e3o de Condom\u00ednios<\/strong><br>NIF: 518 765 792<br>Sede: Rua Coronel Macedo Pinto n\u00ba110, Mafamude, Vila Nova de Gaia, 4430-069 Vila Nova de Gaia<br>Email: <a>geral@gestaoeconfianca.pt<\/a><br>Telefone: 932 380 554 | 224 000 053<\/p>\n\n\n\n<p>Ao aceder e utilizar este website, o utilizador aceita, sem reservas, os presentes Termos e Condi\u00e7\u00f5es.<\/p>\n\n\n\n<hr class=\"wp-block-separator has-alpha-channel-opacity\"\/>\n\n\n\n<h5 class=\"wp-block-heading\">2. Utiliza\u00e7\u00e3o do Website<\/h5>\n\n\n\n<p>O utilizador compromete-se a utilizar este website em conformidade com a legisla\u00e7\u00e3o aplic\u00e1vel e os presentes Termos. \u00c9 expressamente proibido:<\/p>\n\n\n\n<ul class=\"wp-block-list\">\n<li>Utilizar o site para fins ilegais ou abusivos;<\/li>\n\n\n\n<li>Reproduzir, copiar ou distribuir conte\u00fados sem autoriza\u00e7\u00e3o pr\u00e9via por escrito da Gest\u00e3o e Confian\u00e7a;<\/li>\n\n\n\n<li>Interferir com a seguran\u00e7a ou funcionamento do site (ex: atrav\u00e9s de software malicioso, bots ou qualquer outro meio autom\u00e1tico).<\/li>\n<\/ul>\n\n\n\n<hr class=\"wp-block-separator has-alpha-channel-opacity\"\/>\n\n\n\n<h5 class=\"wp-block-heading\">3. Propriedade Intelectual<\/h5>\n\n\n\n<p>Todos os conte\u00fados presentes neste website \u2014 incluindo textos, imagens, log\u00f3tipos, gr\u00e1ficos e outros elementos visuais ou sonoros \u2014 s\u00e3o propriedade da Gest\u00e3o e Confian\u00e7a ou de terceiros devidamente autorizados.<\/p>\n\n\n\n<p>\u00c9 proibida a sua utiliza\u00e7\u00e3o, reprodu\u00e7\u00e3o ou modifica\u00e7\u00e3o para fins comerciais ou p\u00fablicos sem autoriza\u00e7\u00e3o expressa.<\/p>\n\n\n\n<hr class=\"wp-block-separator has-alpha-channel-opacity\"\/>\n\n\n\n<h5 class=\"wp-block-heading\">4. Prote\u00e7\u00e3o de Dados<\/h5>\n\n\n\n<p>A Gest\u00e3o e Confian\u00e7a compromete-se a proteger a privacidade dos utilizadores. Os dados pessoais recolhidos atrav\u00e9s do website ser\u00e3o tratados de acordo com a nossa <strong>Pol\u00edtica de Privacidade<\/strong>, dispon\u00edvel neste site, e em conformidade com o Regulamento Geral sobre a Prote\u00e7\u00e3o de Dados (RGPD).<\/p>\n\n\n\n<hr class=\"wp-block-separator has-alpha-channel-opacity\"\/>\n\n\n\n<h5 class=\"wp-block-heading\">5. Responsabilidade<\/h5>\n\n\n\n<p>A Gest\u00e3o e Confian\u00e7a envida todos os esfor\u00e7os para garantir que a informa\u00e7\u00e3o disponibilizada no seu site \u00e9 precisa, atualizada e livre de erros. No entanto:<\/p>\n\n\n\n<ul class=\"wp-block-list\">\n<li>N\u00e3o se responsabiliza por danos resultantes de eventuais imprecis\u00f5es, interrup\u00e7\u00f5es, v\u00edrus ou falhas de sistema.<\/li>\n\n\n\n<li>Reserva-se o direito de suspender ou alterar o conte\u00fado do site sem aviso pr\u00e9vio.<\/li>\n<\/ul>\n\n\n\n<hr class=\"wp-block-separator has-alpha-channel-opacity\"\/>\n\n\n\n<h5 class=\"wp-block-heading\">6. Liga\u00e7\u00f5es para Sites de Terceiros<\/h5>\n\n\n\n<p>Este website pode conter hiperliga\u00e7\u00f5es para sites externos. A Gest\u00e3o e Confian\u00e7a n\u00e3o assume qualquer responsabilidade pelo conte\u00fado, pol\u00edticas de privacidade ou pr\u00e1ticas desses sites.<\/p>\n\n\n\n<hr class=\"wp-block-separator has-alpha-channel-opacity\"\/>\n\n\n\n<h5 class=\"wp-block-heading\">7. Altera\u00e7\u00f5es aos Termos e Condi\u00e7\u00f5es<\/h5>\n\n\n\n<p>A Gest\u00e3o e Confian\u00e7a reserva-se o direito de modificar, a qualquer momento, os presentes Termos e Condi\u00e7\u00f5es. As altera\u00e7\u00f5es entram em vigor ap\u00f3s a sua publica\u00e7\u00e3o no site. Recomenda-se a consulta peri\u00f3dica deste documento.<\/p>\n\n\n\n<hr class=\"wp-block-separator has-alpha-channel-opacity\"\/>\n\n\n\n<h5 class=\"wp-block-heading\">8. Lei Aplic\u00e1vel e Foro Competente<\/h5>\n\n\n\n<p>Estes Termos e Condi\u00e7\u00f5es s\u00e3o regidos pela lei portuguesa.<br>Em caso de lit\u00edgio, as partes elegem o foro da comarca de Vila Nova de Gaia, com expressa ren\u00fancia a qualquer outro.<\/p>\n","protected":false},"excerpt":{"rendered":"<p>Termos e Condi\u00e7\u00f5es de Utiliza\u00e7\u00e3o Gest\u00e3o e Confian\u00e7a \u2013 Administra\u00e7\u00e3o e Gest\u00e3o de Condom\u00ednios\u00daltima atualiza\u00e7\u00e3o: 02\/07\/2025 1. Informa\u00e7\u00f5es Gerais O presente documento estabelece os Termos e Condi\u00e7\u00f5es de Utiliza\u00e7\u00e3o do website www.gestaoeconfianca.pt, propriedade de: Gest\u00e3o e Confian\u00e7a \u2013 Administra\u00e7\u00e3o e Gest\u00e3o de Condom\u00edniosNIF: 518 765 792Sede: Rua Coronel Macedo Pinto n\u00ba110, Mafamude, Vila Nova de [&hellip;]<\/p>\n","protected":false},"author":4,"featured_media":0,"parent":0,"menu_order":0,"comment_status":"closed","ping_status":"closed","template":"","meta":{"om_disable_all_campaigns":false,"_monsterinsights_skip_tracking":false,"_monsterinsights_sitenote_active":false,"_monsterinsights_sitenote_note":"","_monsterinsights_sitenote_category":0,"_frontis_meta_header_display":false,"_frontis_meta_footer_display":false,"_frontis_meta_site_title_display":false,"_frontis_meta_sticky_header":false,"_frontis_meta_transparent_header":false,"_frontis_meta_lazy_load":false,"_frontis_meta_transparent_bg_color":"","_frontis_meta_sticky_bg_color":"","footnotes":""},"class_list":["post-409","page","type-page","status-publish","hentry"],"aioseo_notices":[],"_links":{"self":[{"href":"https:\/\/condo.gestaoeconfianca.pt\/index.php?rest_route=\/wp\/v2\/pages\/409","targetHints":{"allow":["GET"]}}],"collection":[{"href":"https:\/\/condo.gestaoeconfianca.pt\/index.php?rest_route=\/wp\/v2\/pages"}],"about":[{"href":"https:\/\/condo.gestaoeconfianca.pt\/index.php?rest_route=\/wp\/v2\/types\/page"}],"author":[{"embeddable":true,"href":"https:\/\/condo.gestaoeconfianca.pt\/index.php?rest_route=\/wp\/v2\/users\/4"}],"replies":[{"embeddable":true,"href":"https:\/\/condo.gestaoeconfianca.pt\/index.php?rest_route=%2Fwp%2Fv2%2Fcomments&post=409"}],"version-history":[{"count":2,"href":"https:\/\/condo.gestaoeconfianca.pt\/index.php?rest_route=\/wp\/v2\/pages\/409\/revisions"}],"predecessor-version":[{"id":411,"href":"https:\/\/condo.gestaoeconfianca.pt\/index.php?rest_route=\/wp\/v2\/pages\/409\/revisions\/411"}],"wp:attachment":[{"href":"https:\/\/condo.gestaoeconfianca.pt\/index.php?rest_route=%2Fwp%2Fv2%2Fmedia&parent=409"}],"curies":[{"name":"wp","href":"https:\/\/api.w.org\/{rel}","templated":true}]}}