{"id":252,"date":"2025-06-06T14:44:28","date_gmt":"2025-06-06T14:44:28","guid":{"rendered":"https:\/\/gestaoeconfianca.pt\/?page_id=252"},"modified":"2025-06-06T14:44:28","modified_gmt":"2025-06-06T14:44:28","slug":"coockies","status":"publish","type":"page","link":"https:\/\/condo.gestaoeconfianca.pt\/?page_id=252","title":{"rendered":"Pol\u00edtica de Cookies"},"content":{"rendered":"\n<h2 class=\"wp-block-heading\"><strong>Pol\u00edtica de Cookies<\/strong><\/h2>\n\n\n\n<p><strong>1. O que s\u00e3o cookies?<\/strong><\/p>\n\n\n\n<p>Cookies s\u00e3o pequenos ficheiros de texto que um site, quando visitado, armazena no seu dispositivo (computador, telem\u00f3vel, etc.). Estes ficheiros permitem que o site \u201cse lembre\u201d das suas a\u00e7\u00f5es e prefer\u00eancias durante um certo per\u00edodo de tempo, melhorando a sua experi\u00eancia de navega\u00e7\u00e3o.<\/p>\n\n\n\n<p><strong>2. Que cookies utilizamos?<\/strong><\/p>\n\n\n\n<p>O website da <strong>Gest\u00e3o e Confian\u00e7a<\/strong> utiliza apenas cookies essenciais para o funcionamento correto do site e algumas ferramentas externas que podem instalar cookies, nomeadamente:<\/p>\n\n\n\n<ul class=\"wp-block-list\">\n<li><strong>Formul\u00e1rio de contacto<\/strong> \u2013 utilizado para que os visitantes possam entrar em contacto connosco.<\/li>\n\n\n\n<li><strong>WhatsApp<\/strong> (ou sistema de chat) \u2013 para facilitar a comunica\u00e7\u00e3o direta.<\/li>\n\n\n\n<li><strong>Google Maps<\/strong> \u2013 para mostrar a localiza\u00e7\u00e3o da nossa empresa.<\/li>\n<\/ul>\n\n\n\n<p>Estes servi\u00e7os podem utilizar cookies pr\u00f3prios para funcionarem corretamente.<\/p>\n\n\n\n<p><strong>3. Como gerir os cookies?<\/strong><\/p>\n\n\n\n<p>O utilizador pode a qualquer momento configurar o seu navegador para aceitar, recusar ou apagar cookies. No entanto, a desativa\u00e7\u00e3o de cookies pode afetar a navega\u00e7\u00e3o e funcionamento de algumas funcionalidades do website.<\/p>\n","protected":false},"excerpt":{"rendered":"<p>Pol\u00edtica de Cookies 1. O que s\u00e3o cookies? Cookies s\u00e3o pequenos ficheiros de texto que um site, quando visitado, armazena no seu dispositivo (computador, telem\u00f3vel, etc.). Estes ficheiros permitem que o site \u201cse lembre\u201d das suas a\u00e7\u00f5es e prefer\u00eancias durante um certo per\u00edodo de tempo, melhorando a sua experi\u00eancia de navega\u00e7\u00e3o. 2. Que cookies utilizamos? [&hellip;]<\/p>\n","protected":false},"author":4,"featured_media":0,"parent":0,"menu_order":0,"comment_status":"closed","ping_status":"closed","template":"","meta":{"om_disable_all_campaigns":false,"_monsterinsights_skip_tracking":false,"_monsterinsights_sitenote_active":false,"_monsterinsights_sitenote_note":"","_monsterinsights_sitenote_category":0,"_frontis_meta_header_display":false,"_frontis_meta_footer_display":false,"_frontis_meta_site_title_display":false,"_frontis_meta_sticky_header":false,"_frontis_meta_transparent_header":false,"_frontis_meta_lazy_load":false,"_frontis_meta_transparent_bg_color":"","_frontis_meta_sticky_bg_color":"","footnotes":""},"class_list":["post-252","page","type-page","status-publish","hentry"],"aioseo_notices":[],"_links":{"self":[{"href":"https:\/\/condo.gestaoeconfianca.pt\/index.php?rest_route=\/wp\/v2\/pages\/252","targetHints":{"allow":["GET"]}}],"collection":[{"href":"https:\/\/condo.gestaoeconfianca.pt\/index.php?rest_route=\/wp\/v2\/pages"}],"about":[{"href":"https:\/\/condo.gestaoeconfianca.pt\/index.php?rest_route=\/wp\/v2\/types\/page"}],"author":[{"embeddable":true,"href":"https:\/\/condo.gestaoeconfianca.pt\/index.php?rest_route=\/wp\/v2\/users\/4"}],"replies":[{"embeddable":true,"href":"https:\/\/condo.gestaoeconfianca.pt\/index.php?rest_route=%2Fwp%2Fv2%2Fcomments&post=252"}],"version-history":[{"count":2,"href":"https:\/\/condo.gestaoeconfianca.pt\/index.php?rest_route=\/wp\/v2\/pages\/252\/revisions"}],"predecessor-version":[{"id":254,"href":"https:\/\/condo.gestaoeconfianca.pt\/index.php?rest_route=\/wp\/v2\/pages\/252\/revisions\/254"}],"wp:attachment":[{"href":"https:\/\/condo.gestaoeconfianca.pt\/index.php?rest_route=%2Fwp%2Fv2%2Fmedia&parent=252"}],"curies":[{"name":"wp","href":"https:\/\/api.w.org\/{rel}","templated":true}]}}